{"id":282,"date":"2024-03-06T13:39:30","date_gmt":"2024-03-06T13:39:30","guid":{"rendered":"http:\/\/4x-digital.com\/?page_id=282"},"modified":"2024-03-06T13:49:57","modified_gmt":"2024-03-06T13:49:57","slug":"elementor-282","status":"publish","type":"page","link":"https:\/\/4x-app.com\/?page_id=282","title":{"rendered":"EULA"},"content":{"rendered":"<h2><b>Endbenutzer-Lizenzvereinbarung<br \/><\/b><b> f\u00fcr Softwareprodukte und Webanwendungen der 4X Digital GmbH<\/b><\/h2>\n<p>Die vorliegende Endbenutzer-Lizenzvereinbarung (\u201eEULA\u201c) ist&nbsp;ein rechtsg\u00fcltiger Vertrag zwischen dem Endbenutzer (fortan \u201eUser\u201c) der&nbsp;Software bzw. Webanwendung (fortan \u201eSoftware\u201c bzw. \u201eSoftwareprodukt\u201c) und der&nbsp;4X Digital GmbH, Am Herrschaftswald 2, 68305 Mannheim (fortan \u201e4X\u201c). Bitte&nbsp;lesen Sie diese Vereinbarung vor dem Erwerb der Software bzw. Benutzung der&nbsp;Webanwendung sorgf\u00e4ltig durch. Mit dem Erwerb der Software bzw. Benutzung der&nbsp;Webanwendung gelten die nachfolgenden Bestimmungen als verbindlich vereinbart.<\/p>\n<p><b>1. Urheberrecht<\/b><\/p>\n<p>Das vorliegende Softwareprodukt einschlie\u00dflich etwaiger&nbsp;Handb\u00fccher, Anleitungen und \/ oder anderweitiger Informationsmaterialien ist&nbsp;urheberrechtlich gesch\u00fctzt. Ein in der Software vorhandener Kopierschutz, ein&nbsp;Urheberrechtsvermerk, eine in ihr aufgenommene Registrierungsnummern oder&nbsp;sonstige, der Programmidentifikation dienende Merkmale d\u00fcrfen nicht entfernt&nbsp;werden.<\/p>\n<p><b>2. Lizenzvereinbarung<\/b><\/p>\n<p>4X r\u00e4umt dem Endbenutzer der Software, soweit nicht anders bestimmt, ein einfaches, zeitlich unbeschr\u00e4nktes Recht ein, die Software auf einem Ger\u00e4t zu installieren und zu nutzen. Das Nutzungsrecht ist auf den Objektcode der Software beschr\u00e4nkt. Es erlischt, sofern der Endbenutzer die in diesem Vertrag festgelegten Nutzungsbedingungen verletzt. 4X ist nicht verpflichtet, dem Endbenutzer den Quellcode zur Verf\u00fcgung zu stellen, es sei denn, diese Verpflichtung ergibt sich aus Lizenzen von Drittanbietern. Soweit nachfolgend nicht anders bestimmt, berechtigt der Erwerb dieser Lizenz den Endbenutzer nicht dazu, die Software zu ver\u00e4ndern, zu dekompilieren, anzupassen, zu \u00fcbersetzen, mit anderer Software zu kombinieren, zu re-enginieren oder zu disassemblieren. Die Lizenzvereinbarung gew\u00e4hrt kein Recht, Dritten eine Unterlizenz an der Software einzur\u00e4umen. 4X beh\u00e4lt sich alle weitergehenden Rechte, insbesondere Verbreitungs-, Vervielf\u00e4ltigungs- und<br \/>Ver\u00f6ffentlichungsrechte vor.<\/p>\n<p><b>3. Nutzungsformen<\/b><\/p>\n<p>Eine kommerzielle Nutzung ist nicht gestattet.<\/p>\n<p><b>4. Gew\u00e4hrleistung<\/b><\/p>\n<p>4X ist in keiner Weise verantwortlich f\u00fcr M\u00e4ngel oder&nbsp;Sch\u00e4den, die durch eine Ver\u00e4nderung der Software oder aufgrund der Nutzung der&nbsp;Software in Verbindung mit anderen als der empfohlenen oder bestimmungem\u00e4\u00dfen Hardwarekonfiguration,&nbsp;Plattform oder dem empfohlenen Betriebssystem entstehen. F\u00fcr kostenfrei&nbsp;\u00fcberlassene Alpha-\/ Betaversionen (pre- release Versionen) wird jegliche&nbsp;M\u00e4ngelhaftung ausgeschlossen. Im \u00dcbrigen gelten unsere Allgemeinen<br \/>Gesch\u00e4ftsbedingungen <a href=\"https:\/\/4x-app.de\/#\/data-agreement2\">https:\/\/4x-app.de\/#\/data-agreement2<\/a><\/p>\n<p><b>5. Lizenzen f\u00fcr GNU&nbsp;und andere Drittanbieter<\/b><\/p>\n<p>Dieses Softwareprodukt kann Komponenten enthalten, die den&nbsp;Lizenzbestimmungen der GNU General Public License oder der GNU Lesser General&nbsp;Public License (&#8222;LGPL&#8220;) sowie anderen \u00e4hnlichen freien&nbsp;Softwarelizenzen unterliegen. Diese erm\u00f6glichen dem Nutzer, bestimmte Programme&nbsp;oder Teile davon zu kopieren, abzu\u00e4ndern und zu ver\u00f6ffentlichen, und erlauben&nbsp;den Zugriff auf den Quellcode &#8222;Open-Source- Software&#8220;. Sie k\u00f6nnen den&nbsp;ge\u00e4nderten Quellcode dieser Software \u00fcber eine Anfrage an das Support- Teamanfordern (support@4x-digital.com), falls er nicht bereits mitgeliefert wurde.&nbsp;Erfordert die Open-Source-Software-Lizenz, dass der Rechteinhaber&nbsp;weitergehende Rechte zur Nutzung, Kopie und \u00c4nderung der&nbsp;Open-Source-Software bereitstellt, so haben diese Rechte Vorrang vor den&nbsp;Rechten und Einschr\u00e4nkungen in diesen Nutzungsbedingungen.<\/p>\n<\/p>\n<p><b>6. Links zu Informationen und Diensten von Drittanbietern<\/b><\/p>\n<p><b style=\"color: var( --e-global-color-text ); font-family: var( --e-global-typography-text-font-family ), Sans-serif; font-size: 0.875rem;\">D<\/b>ie Software enth\u00e4lt&nbsp;m\u00f6glicherweise Links zu Seiten von Drittanbietern (z. B. Musikanbietern) oder&nbsp;sie zeigt deren Inhalte an. Sie nehmen zur Kenntnis und erkl\u00e4ren sich damit&nbsp;einverstanden, dass D&amp;M keine Haftung f\u00fcr diese Inhalte oder Dienstleistungen&nbsp;von Drittanbietern \u00fcbernimmt und dass es sich bei den betreffenden Anbietern um&nbsp;eigenst\u00e4ndige juristische Personen handelt, die in keiner Weise mit D&amp;M im&nbsp;Zusammenhang stehen. Jegliche angebotenen Inhalte solcher Drittanbieter&nbsp;unterliegen den diesbez\u00fcglichen Vereinbarungen der Drittanbieter. Des Weiteren&nbsp;kann D&amp;M weder gew\u00e4hrleisten, zusichern noch in anderer Weise behaupten,&nbsp;dass Ihnen alle diese Dienste zur Verf\u00fcgung gestellt werden oder dass diese&nbsp;Dienste ununterbrochen oder fehlerfrei sein werden. Sie m\u00fcssen individuell&nbsp;entscheiden, ob Sie Dienste von Drittparteien nutzen m\u00f6chten.<\/p>\n<p><b>7. Information und&nbsp;Feedback<\/b><\/p>\n<p>4X oder ein von 4X&nbsp;beauftragter Dritter k\u00f6nnen den User \u00fcber Neuerungen und andere Informationen&nbsp;zu Themen der 4X App und allgemein zum Themenbereich Gesellschaftsspiele&nbsp;schicken sowie um Anregungen, Bewertungen oder L\u00f6sungsvorschl\u00e4ge bitten&nbsp;(&#8222;Feedback&#8220;). Es obliegt dem User, ob er 4X Feedback gibt oder nicht.&nbsp;Wenn ein User 4X Feedback gibt, gew\u00e4hrt er 4X das nicht ausschlie\u00dfliche,&nbsp;geb\u00fchrenfreie, weltweite, unbefristete, unwiderrufliche, \u00fcbertragbare und&nbsp;uneingeschr\u00e4nkt unterlizenzierbare Recht, das Feedback f\u00fcr alle rechtm\u00e4\u00dfigen Zwecke zu nutzen, einschlie\u00dflich ohne Einschr\u00e4nkung das Recht, das Feedback&nbsp;nach alleinigem Ermessen zur G\u00e4nze oder zum Teil zu vervielf\u00e4ltigen,&nbsp;anzupassen, zu ver\u00f6ffentlichen, zu \u00fcbersetzen, zu verteilen und in einem&nbsp;beliebigen Medium anzuzeigen.<b><\/b><\/p>\n<p><b>8. Datenschutz<\/b><\/p>\n<p>4X h\u00e4lt sich an die&nbsp;Bestimmungen der Datenschutz-Grundverordnung der EU und deren Anforderungen.&nbsp;Eine g\u00fcltige Datenschutzerkl\u00e4rung nebst Anlagen, kann auf der Internetseite der&nbsp;<a href=\"https:\/\/4x-digital.com\/?page_id=3\" style=\"\">www-4x-digital.com<\/a>&nbsp;eingesehen werden und steht dort zum Download zur Verf\u00fcgung.<\/p>\n<p><b>9. Sonstiges<\/b><\/p>\n<\/p>\n<p>Die Unwirksamkeit einzelner Bestimmungen dieser Vereinbarung ber\u00fchrt die Wirksamkeit der \u00fcbrigen Bestimmungen nicht. Anstelle der unwirksamen Bestimmung tritt eine dann zu vereinbarende, dem wirtschaftlichen Interesse&nbsp;der Vertragspartner entsprechende Bestimmung. Die vorliegende Endbenutzer-Lizenzvereinbarung kann unter <a href=\"https:\/\/4x-app.de\/#\/eula\">https:\/\/4x-app.de\/#\/eula<\/a>&nbsp;eingesehen und ausgedruckt werden.<\/p>\n","protected":false},"excerpt":{"rendered":"<p>Endbenutzer-Lizenzvereinbarung f\u00fcr Softwareprodukte und Webanwendungen der 4X Digital GmbH Die vorliegende Endbenutzer-Lizenzvereinbarung (\u201eEULA\u201c) ist&nbsp;ein rechtsg\u00fcltiger Vertrag zwischen dem Endbenutzer (fortan \u201eUser\u201c) der&nbsp;Software bzw. Webanwendung (fortan \u201eSoftware\u201c bzw. \u201eSoftwareprodukt\u201c) und der&nbsp;4X &#8230;<\/p>\n","protected":false},"author":1,"featured_media":0,"parent":0,"menu_order":0,"comment_status":"closed","ping_status":"closed","template":"","meta":{"footnotes":""},"class_list":["post-282","page","type-page","status-publish","hentry"],"_links":{"self":[{"href":"https:\/\/4x-app.com\/index.php?rest_route=\/wp\/v2\/pages\/282","targetHints":{"allow":["GET"]}}],"collection":[{"href":"https:\/\/4x-app.com\/index.php?rest_route=\/wp\/v2\/pages"}],"about":[{"href":"https:\/\/4x-app.com\/index.php?rest_route=\/wp\/v2\/types\/page"}],"author":[{"embeddable":true,"href":"https:\/\/4x-app.com\/index.php?rest_route=\/wp\/v2\/users\/1"}],"replies":[{"embeddable":true,"href":"https:\/\/4x-app.com\/index.php?rest_route=%2Fwp%2Fv2%2Fcomments&post=282"}],"version-history":[{"count":5,"href":"https:\/\/4x-app.com\/index.php?rest_route=\/wp\/v2\/pages\/282\/revisions"}],"predecessor-version":[{"id":288,"href":"https:\/\/4x-app.com\/index.php?rest_route=\/wp\/v2\/pages\/282\/revisions\/288"}],"wp:attachment":[{"href":"https:\/\/4x-app.com\/index.php?rest_route=%2Fwp%2Fv2%2Fmedia&parent=282"}],"curies":[{"name":"wp","href":"https:\/\/api.w.org\/{rel}","templated":true}]}}